{"id":135,"date":"2020-07-29T15:48:06","date_gmt":"2020-07-29T15:48:06","guid":{"rendered":"https:\/\/assamte.com\/tienda\/?post_type=product&#038;p=135"},"modified":"2023-03-07T20:22:54","modified_gmt":"2023-03-07T20:22:54","slug":"inf-de-manzanilla","status":"publish","type":"product","link":"https:\/\/assamte.com\/tienda\/producto\/inf-de-manzanilla\/","title":{"rendered":"Inf. de Manzanilla"},"content":{"rendered":"","protected":false},"excerpt":{"rendered":"<p>Sedante nervioso, antineur\u00e1lgica, estimulante, antiinflamatoria, antidiarreica, emoliente, calmante, antiespasm\u00f3dica, carminativa, antis\u00e9ptica y antimicrobiana.<\/p>\n","protected":false},"featured_media":136,"comment_status":"open","ping_status":"closed","template":"","meta":[],"product_brand":[],"product_cat":[21],"product_tag":[],"class_list":{"0":"post-135","1":"product","2":"type-product","3":"status-publish","4":"has-post-thumbnail","6":"product_cat-los-esenciales","8":"first","9":"instock","10":"taxable","11":"shipping-taxable","12":"purchasable","13":"product-type-variable"},"_links":{"self":[{"href":"https:\/\/assamte.com\/tienda\/wp-json\/wp\/v2\/product\/135","targetHints":{"allow":["GET"]}}],"collection":[{"href":"https:\/\/assamte.com\/tienda\/wp-json\/wp\/v2\/product"}],"about":[{"href":"https:\/\/assamte.com\/tienda\/wp-json\/wp\/v2\/types\/product"}],"replies":[{"embeddable":true,"href":"https:\/\/assamte.com\/tienda\/wp-json\/wp\/v2\/comments?post=135"}],"wp:featuredmedia":[{"embeddable":true,"href":"https:\/\/assamte.com\/tienda\/wp-json\/wp\/v2\/media\/136"}],"wp:attachment":[{"href":"https:\/\/assamte.com\/tienda\/wp-json\/wp\/v2\/media?parent=135"}],"wp:term":[{"taxonomy":"product_brand","embeddable":true,"href":"https:\/\/assamte.com\/tienda\/wp-json\/wp\/v2\/product_brand?post=135"},{"taxonomy":"product_cat","embeddable":true,"href":"https:\/\/assamte.com\/tienda\/wp-json\/wp\/v2\/product_cat?post=135"},{"taxonomy":"product_tag","embeddable":true,"href":"https:\/\/assamte.com\/tienda\/wp-json\/wp\/v2\/product_tag?post=135"}],"curies":[{"name":"wp","href":"https:\/\/api.w.org\/{rel}","templated":true}]}}